{"id":562,"date":"2024-10-13T01:09:44","date_gmt":"2024-10-13T01:09:44","guid":{"rendered":"https:\/\/dresercolak.com\/?page_id=562"},"modified":"2024-10-13T01:09:44","modified_gmt":"2024-10-13T01:09:44","slug":"f-a-q","status":"publish","type":"page","link":"https:\/\/dresercolak.com\/en\/f-a-q\/","title":{"rendered":"F.A.Q"},"content":{"rendered":"[vc_row type=&#8221;full_width_background&#8221; full_screen_row_position=&#8221;middle&#8221; column_margin=&#8221;default&#8221; column_direction=&#8221;default&#8221; column_direction_tablet=&#8221;default&#8221; column_direction_phone=&#8221;default&#8221; scene_position=&#8221;center&#8221; top_padding=&#8221;1%&#8221; left_padding_desktop=&#8221;4%&#8221; constrain_group_2=&#8221;yes&#8221; right_padding_desktop=&#8221;4%&#8221; top_padding_tablet=&#8221;16%&#8221; text_color=&#8221;dark&#8221; text_align=&#8221;left&#8221; row_border_radius=&#8221;none&#8221; row_border_radius_applies=&#8221;bg&#8221; overflow=&#8221;visible&#8221; overlay_strength=&#8221;0.3&#8243; gradient_direction=&#8221;left_to_right&#8221; shape_divider_position=&#8221;bottom&#8221; bg_image_animation=&#8221;none&#8221; gradient_type=&#8221;default&#8221; shape_type=&#8221;&#8221;][vc_column column_padding=&#8221;no-extra-padding&#8221; column_padding_tablet=&#8221;inherit&#8221; column_padding_phone=&#8221;inherit&#8221; column_padding_position=&#8221;all&#8221; column_element_direction_desktop=&#8221;default&#8221; column_element_spacing=&#8221;default&#8221; desktop_text_alignment=&#8221;default&#8221; tablet_text_alignment=&#8221;default&#8221; phone_text_alignment=&#8221;default&#8221; background_color_opacity=&#8221;1&#8243; background_hover_color_opacity=&#8221;1&#8243; column_backdrop_filter=&#8221;none&#8221; column_shadow=&#8221;none&#8221; column_border_radius=&#8221;none&#8221; column_link_target=&#8221;_self&#8221; column_position=&#8221;default&#8221; gradient_direction=&#8221;left_to_right&#8221; overlay_strength=&#8221;0.3&#8243; width=&#8221;1\/1&#8243; tablet_width_inherit=&#8221;default&#8221; animation_type=&#8221;default&#8221; bg_image_animation=&#8221;none&#8221; border_type=&#8221;simple&#8221; column_border_width=&#8221;none&#8221; column_border_style=&#8221;solid&#8221;][vc_row_inner column_margin=&#8221;default&#8221; column_direction=&#8221;default&#8221; column_direction_tablet=&#8221;default&#8221; column_direction_phone=&#8221;default&#8221; bottom_padding=&#8221;4%&#8221; text_align=&#8221;left&#8221; row_position=&#8221;default&#8221; row_position_tablet=&#8221;inherit&#8221; row_position_phone=&#8221;inherit&#8221; overflow=&#8221;visible&#8221; pointer_events=&#8221;all&#8221;][vc_column_inner column_padding=&#8221;no-extra-padding&#8221; column_padding_tablet=&#8221;inherit&#8221; column_padding_phone=&#8221;inherit&#8221; column_padding_position=&#8221;all&#8221; column_element_direction_desktop=&#8221;default&#8221; column_element_spacing=&#8221;default&#8221; centered_text=&#8221;true&#8221; desktop_text_alignment=&#8221;default&#8221; tablet_text_alignment=&#8221;default&#8221; phone_text_alignment=&#8221;default&#8221; background_color_opacity=&#8221;1&#8243; background_hover_color_opacity=&#8221;1&#8243; column_backdrop_filter=&#8221;none&#8221; column_shadow=&#8221;none&#8221; column_border_radius=&#8221;none&#8221; column_link_target=&#8221;_self&#8221; overflow=&#8221;visible&#8221; advanced_gradient_angle=&#8221;0&#8243; gradient_direction=&#8221;left_to_right&#8221; overlay_strength=&#8221;0.3&#8243; width=&#8221;1\/1&#8243; tablet_width_inherit=&#8221;default&#8221; animation_type=&#8221;default&#8221; bg_image_animation=&#8221;none&#8221; border_type=&#8221;simple&#8221; column_border_width=&#8221;none&#8221; column_border_style=&#8221;solid&#8221; gradient_type=&#8221;default&#8221;][nectar_highlighted_text style=&#8221;none&#8221; custom_font_size=&#8221;3vw&#8221; font_size_tablet=&#8221;6vw&#8221; font_line_height=&#8221;1.2&#8243; text_direction=&#8221;default&#8221;]\n<h1 style=\"text-align: center;\"><strong>F.A.Q.<\/strong><\/h1>\n[\/nectar_highlighted_text][\/vc_column_inner][\/vc_row_inner][\/vc_column][\/vc_row][vc_row type=&#8221;full_width_content&#8221; full_screen_row_position=&#8221;middle&#8221; column_margin=&#8221;custom&#8221; column_margin_custom=&#8221;1vw&#8221; equal_height=&#8221;yes&#8221; content_placement=&#8221;middle&#8221; column_direction=&#8221;default&#8221; column_direction_tablet=&#8221;default&#8221; column_direction_phone=&#8221;default&#8221; bg_color=&#8221;#f8f8f8&#8243; scene_position=&#8221;center&#8221; top_padding=&#8221;2%&#8221; bottom_padding=&#8221;2%&#8221; left_padding_desktop=&#8221;3vw&#8221; constrain_group_2=&#8221;yes&#8221; right_padding_desktop=&#8221;3vw&#8221; text_color=&#8221;dark&#8221; text_align=&#8221;left&#8221; row_border_radius=&#8221;none&#8221; row_border_radius_applies=&#8221;bg&#8221; overflow=&#8221;visible&#8221; advanced_gradient_angle=&#8221;0&#8243; overlay_strength=&#8221;0.8&#8243; gradient_direction=&#8221;left_to_right&#8221; enable_shape_divider=&#8221;true&#8221; shape_divider_color=&#8221;#000000&#8243; shape_divider_position=&#8221;bottom&#8221; shape_divider_height=&#8221;99%&#8221; bg_image_animation=&#8221;clip-path&#8221; clip_path_animation_type=&#8221;scroll&#8221; clip_path_animation_applies=&#8221;default&#8221; clip_path_start_bottom_desktop=&#8221;0&#8243; clip_path_start_left_desktop=&#8221;0&#8243; clip_path_start_right_desktop=&#8221;0&#8243; clip_path_end_bottom_desktop=&#8221;4%&#8221; clip_path_end_left_desktop=&#8221;4%&#8221; clip_path_end_right_desktop=&#8221;4%&#8221; clip_path_start_roundness=&#8221;0&#8243; clip_path_end_roundness=&#8221;20&#8243; animation_trigger_offset=&#8221;32.00,50.00&#8243; animation_trigger_origin=&#8221;bottom&#8221; shape_type=&#8221;straight_section&#8221; gradient_type=&#8221;default&#8221;][vc_column left_padding_desktop=&#8221;2vw&#8221; column_element_direction_desktop=&#8221;default&#8221; column_element_spacing=&#8221;default&#8221; desktop_text_alignment=&#8221;default&#8221; tablet_text_alignment=&#8221;default&#8221; phone_text_alignment=&#8221;default&#8221; background_color_opacity=&#8221;1&#8243; background_hover_color_opacity=&#8221;1&#8243; column_backdrop_filter=&#8221;none&#8221; column_shadow=&#8221;none&#8221; column_border_radius=&#8221;none&#8221; column_link_target=&#8221;_self&#8221; column_position=&#8221;default&#8221; advanced_gradient_angle=&#8221;0&#8243; gradient_direction=&#8221;left_to_right&#8221; overlay_strength=&#8221;0.3&#8243; width=&#8221;1\/1&#8243; tablet_width_inherit=&#8221;default&#8221; animation_type=&#8221;default&#8221; bg_image_animation=&#8221;none&#8221; border_type=&#8221;simple&#8221; column_border_width=&#8221;none&#8221; column_border_style=&#8221;solid&#8221; column_padding_type=&#8221;advanced&#8221; gradient_type=&#8221;default&#8221;][toggles style=&#8221;minimal_shadow&#8221; accordion=&#8221;true&#8221; accordion_starting_functionality=&#8221;default&#8221; border_radius=&#8221;none&#8221;][toggle color=&#8221;Accent-Color&#8221; heading_tag=&#8221;h3&#8243; heading_tag_functionality=&#8221;default&#8221; title=&#8221;T\u00fcp bebek tedavisi nedir?&#8221;][vc_column_text css=&#8221;&#8221; text_direction=&#8221;default&#8221;]T\u00fcp bebek tedavisi, kad\u0131n\u0131n yumurtalar\u0131n\u0131n laboratuvar ortam\u0131nda d\u00f6llenmesi ve elde edilen embriyolar\u0131n rahme transfer edilmesi s\u00fcrecidir. Bu y\u00f6ntem, do\u011fal yollarla hamile kalamayan \u00e7iftler i\u00e7in uygulan\u0131r.[\/vc_column_text][\/toggle][toggle color=&#8221;Accent-Color&#8221; heading_tag=&#8221;h3&#8243; heading_tag_functionality=&#8221;default&#8221; title=&#8221;T\u00fcp bebek tedavisi kimlere uygulan\u0131r?&#8221;][vc_column_text css=&#8221;&#8221; text_direction=&#8221;default&#8221;]T\u00fcp bebek tedavisi, t\u00fcpleri t\u0131kal\u0131 olan, yumurtlama bozuklu\u011fu ya\u015fayan, endometriozis gibi problemleri olan veya a\u00e7\u0131klanamayan infertilite (k\u0131s\u0131rl\u0131k) tan\u0131s\u0131 alm\u0131\u015f \u00e7iftler i\u00e7in uygundur.[\/vc_column_text][\/toggle][toggle color=&#8221;Accent-Color&#8221; heading_tag=&#8221;h3&#8243; heading_tag_functionality=&#8221;default&#8221; title=&#8221;T\u00fcp bebek tedavisi ka\u00e7 a\u015famadan olu\u015fur?&#8221;][vc_column_text css=&#8221;&#8221; text_direction=&#8221;default&#8221;]Tedavi genellikle d\u00f6rt a\u015famadan olu\u015fur: yumurta geli\u015fiminin uyar\u0131lmas\u0131, yumurtalar\u0131n toplanmas\u0131, laboratuvarda d\u00f6llenme ve embriyo transferi.[\/vc_column_text][\/toggle][toggle color=&#8221;Accent-Color&#8221; heading_tag=&#8221;h3&#8243; heading_tag_functionality=&#8221;default&#8221; title=&#8221;T\u00fcp bebek tedavisinde ba\u015far\u0131 oran\u0131 nedir?&#8221;][vc_column_text css=&#8221;&#8221; text_direction=&#8221;default&#8221;]Ba\u015far\u0131 oran\u0131, kad\u0131n\u0131n ya\u015f\u0131, infertilite nedeni ve uygulanan tedavinin kalitesine ba\u011fl\u0131 olarak de\u011fi\u015fir. Gen\u00e7 ya\u015flarda bu oran daha y\u00fcksekken, ya\u015f ilerledik\u00e7e azalma g\u00f6r\u00fclebilir.[\/vc_column_text][\/toggle][toggle color=&#8221;Accent-Color&#8221; heading_tag=&#8221;h3&#8243; heading_tag_functionality=&#8221;default&#8221; title=&#8221;T\u00fcp bebek tedavisi ne kadar s\u00fcrer?&#8221;][vc_column_text css=&#8221;&#8221; text_direction=&#8221;default&#8221;]Tedavi s\u00fcreci, hastan\u0131n durumuna ba\u011fl\u0131 olarak de\u011fi\u015febilir, ancak genellikle 4-6 hafta aras\u0131nda tamamlan\u0131r.[\/vc_column_text][\/toggle][toggle color=&#8221;Accent-Color&#8221; heading_tag=&#8221;h3&#8243; heading_tag_functionality=&#8221;default&#8221; title=&#8221;T\u00fcp bebek tedavisi s\u0131ras\u0131nda nelere dikkat edilmelidir?&#8221;][vc_column_text css=&#8221;&#8221; text_direction=&#8221;default&#8221;]Tedavi s\u0131ras\u0131nda sa\u011fl\u0131kl\u0131 beslenme, stresten uzak durma ve doktorun \u00f6nerdi\u011fi ila\u00e7lar\u0131n d\u00fczenli kullan\u0131m\u0131 \u00f6nemlidir. Ayr\u0131ca sigara ve alkol kullan\u0131m\u0131ndan ka\u00e7\u0131n\u0131lmal\u0131d\u0131r.[\/vc_column_text][\/toggle][toggle color=&#8221;Accent-Color&#8221; heading_tag=&#8221;h3&#8243; heading_tag_functionality=&#8221;default&#8221; title=&#8221;T\u00fcp bebek tedavisi s\u0131ras\u0131nda cinsel ili\u015fki yasak m\u0131?&#8221;][vc_column_text css=&#8221;&#8221; text_direction=&#8221;default&#8221;]T\u00fcp bebek tedavisi s\u0131ras\u0131nda doktorunuz, belirli a\u015famalarda cinsel ili\u015fkiden ka\u00e7\u0131nman\u0131z\u0131 \u00f6nerebilir. Bu konuda doktorunuzun tavsiyelerine uyman\u0131z \u00f6nemlidir.[\/vc_column_text][\/toggle][\/toggles][\/vc_column][\/vc_row]\n","protected":false},"excerpt":{"rendered":"<p>[vc_row type=&#8221;full_width_background&#8221; full_screen_row_position=&#8221;middle&#8221; column_margin=&#8221;default&#8221; column_direction=&#8221;default&#8221; column_direction_tablet=&#8221;default&#8221; column_direction_phone=&#8221;default&#8221; scene_position=&#8221;center&#8221; top_padding=&#8221;1%&#8221; left_padding_desktop=&#8221;4%&#8221; constrain_group_2=&#8221;yes&#8221; right_padding_desktop=&#8221;4%&#8221; top_padding_tablet=&#8221;16%&#8221; text_color=&#8221;dark&#8221; text_align=&#8221;left&#8221; row_border_radius=&#8221;none&#8221; row_border_radius_applies=&#8221;bg&#8221; overflow=&#8221;visible&#8221; overlay_strength=&#8221;0.3&#8243; gradient_direction=&#8221;left_to_right&#8221; shape_divider_position=&#8221;bottom&#8221; bg_image_animation=&#8221;none&#8221; gradient_type=&#8221;default&#8221; shape_type=&#8221;&#8221;][vc_column column_padding=&#8221;no-extra-padding&#8221; column_padding_tablet=&#8221;inherit&#8221; column_padding_phone=&#8221;inherit&#8221; column_padding_position=&#8221;all&#8221; column_element_direction_desktop=&#8221;default&#8221; column_element_spacing=&#8221;default&#8221;&#8230;<\/p>\n","protected":false},"author":1,"featured_media":0,"parent":0,"menu_order":0,"comment_status":"closed","ping_status":"closed","template":"","meta":{"footnotes":""},"class_list":["post-562","page","type-page","status-publish"],"yoast_head":"<!-- This site is optimized with the Yoast SEO plugin v23.7 - https:\/\/yoast.com\/wordpress\/plugins\/seo\/ -->\n<title>F.A.Q - Do\u00e7. Dr. Eser \u00c7olak - Kad\u0131n Hastal\u0131klar\u0131 ve T\u00fcp Bebek Uzman\u0131<\/title>\n<meta name=\"robots\" content=\"index, follow, max-snippet:-1, max-image-preview:large, max-video-preview:-1\" \/>\n<link rel=\"canonical\" href=\"https:\/\/dresercolak.com\/en\/f-a-q\/\" \/>\n<meta property=\"og:locale\" content=\"en_US\" \/>\n<meta property=\"og:type\" content=\"article\" \/>\n<meta property=\"og:title\" content=\"F.A.Q - Do\u00e7. Dr. Eser \u00c7olak - Kad\u0131n Hastal\u0131klar\u0131 ve T\u00fcp Bebek Uzman\u0131\" \/>\n<meta property=\"og:description\" content=\"[vc_row type=&#8221;full_width_background&#8221; full_screen_row_position=&#8221;middle&#8221; column_margin=&#8221;default&#8221; column_direction=&#8221;default&#8221; column_direction_tablet=&#8221;default&#8221; column_direction_phone=&#8221;default&#8221; scene_position=&#8221;center&#8221; top_padding=&#8221;1%&#8221; left_padding_desktop=&#8221;4%&#8221; constrain_group_2=&#8221;yes&#8221; right_padding_desktop=&#8221;4%&#8221; top_padding_tablet=&#8221;16%&#8221; text_color=&#8221;dark&#8221; text_align=&#8221;left&#8221; row_border_radius=&#8221;none&#8221; row_border_radius_applies=&#8221;bg&#8221; overflow=&#8221;visible&#8221; overlay_strength=&#8221;0.3&#8243; gradient_direction=&#8221;left_to_right&#8221; shape_divider_position=&#8221;bottom&#8221; bg_image_animation=&#8221;none&#8221; gradient_type=&#8221;default&#8221; shape_type=&#8221;&#8221;][vc_column column_padding=&#8221;no-extra-padding&#8221; column_padding_tablet=&#8221;inherit&#8221; column_padding_phone=&#8221;inherit&#8221; column_padding_position=&#8221;all&#8221; column_element_direction_desktop=&#8221;default&#8221; column_element_spacing=&#8221;default&#8221;...\" \/>\n<meta property=\"og:url\" content=\"https:\/\/dresercolak.com\/en\/f-a-q\/\" \/>\n<meta property=\"og:site_name\" content=\"Do\u00e7. Dr. Eser \u00c7olak - Kad\u0131n Hastal\u0131klar\u0131 ve T\u00fcp Bebek Uzman\u0131\" \/>\n<meta property=\"article:publisher\" content=\"https:\/\/www.facebook.com\/profile.php?id=61565354330631\" \/>\n<meta name=\"twitter:card\" content=\"summary_large_image\" \/>\n<meta name=\"twitter:label1\" content=\"Est. reading time\" \/>\n\t<meta name=\"twitter:data1\" content=\"5 minutes\" \/>\n<script type=\"application\/ld+json\" class=\"yoast-schema-graph\">{\"@context\":\"https:\/\/schema.org\",\"@graph\":[{\"@type\":\"WebPage\",\"@id\":\"https:\/\/dresercolak.com\/en\/f-a-q\/\",\"url\":\"https:\/\/dresercolak.com\/en\/f-a-q\/\",\"name\":\"F.A.Q - Do\u00e7. Dr. Eser \u00c7olak - Kad\u0131n Hastal\u0131klar\u0131 ve T\u00fcp Bebek Uzman\u0131\",\"isPartOf\":{\"@id\":\"https:\/\/dresercolak.com\/#website\"},\"datePublished\":\"2024-10-13T01:09:44+00:00\",\"dateModified\":\"2024-10-13T01:09:44+00:00\",\"breadcrumb\":{\"@id\":\"https:\/\/dresercolak.com\/en\/f-a-q\/#breadcrumb\"},\"inLanguage\":\"en-US\",\"potentialAction\":[{\"@type\":\"ReadAction\",\"target\":[\"https:\/\/dresercolak.com\/en\/f-a-q\/\"]}]},{\"@type\":\"BreadcrumbList\",\"@id\":\"https:\/\/dresercolak.com\/en\/f-a-q\/#breadcrumb\",\"itemListElement\":[{\"@type\":\"ListItem\",\"position\":1,\"name\":\"Anasayfa\",\"item\":\"https:\/\/dresercolak.com\/en\/\"},{\"@type\":\"ListItem\",\"position\":2,\"name\":\"F.A.Q\"}]},{\"@type\":\"WebSite\",\"@id\":\"https:\/\/dresercolak.com\/#website\",\"url\":\"https:\/\/dresercolak.com\/\",\"name\":\"Do\u00e7. Dr. Eser \u00c7olak - Kad\u0131n Hastal\u0131klar\u0131 ve T\u00fcp Bebek Uzman\u0131\",\"description\":\"Do\u00e7. Dr. Eser \u00c7olak - Kad\u0131n Hastal\u0131klar\u0131 ve T\u00fcp Bebek Uzman\u0131\",\"publisher\":{\"@id\":\"https:\/\/dresercolak.com\/#organization\"},\"potentialAction\":[{\"@type\":\"SearchAction\",\"target\":{\"@type\":\"EntryPoint\",\"urlTemplate\":\"https:\/\/dresercolak.com\/?s={search_term_string}\"},\"query-input\":{\"@type\":\"PropertyValueSpecification\",\"valueRequired\":true,\"valueName\":\"search_term_string\"}}],\"inLanguage\":\"en-US\"},{\"@type\":\"Organization\",\"@id\":\"https:\/\/dresercolak.com\/#organization\",\"name\":\"Do\u00e7. Dr. Eser \u00c7olak - Kad\u0131n Hastal\u0131klar\u0131 ve T\u00fcp Bebek Uzman\u0131\",\"url\":\"https:\/\/dresercolak.com\/\",\"logo\":{\"@type\":\"ImageObject\",\"inLanguage\":\"en-US\",\"@id\":\"https:\/\/dresercolak.com\/#\/schema\/logo\/image\/\",\"url\":\"https:\/\/dresercolak.com\/wp-content\/uploads\/2024\/09\/Doc.-Dr.-Eser-COLAK-Logo.png\",\"contentUrl\":\"https:\/\/dresercolak.com\/wp-content\/uploads\/2024\/09\/Doc.-Dr.-Eser-COLAK-Logo.png\",\"width\":2828,\"height\":642,\"caption\":\"Do\u00e7. Dr. Eser \u00c7olak - Kad\u0131n Hastal\u0131klar\u0131 ve T\u00fcp Bebek Uzman\u0131\"},\"image\":{\"@id\":\"https:\/\/dresercolak.com\/#\/schema\/logo\/image\/\"},\"sameAs\":[\"https:\/\/www.facebook.com\/profile.php?id=61565354330631\",\"https:\/\/www.instagram.com\/doc.dr.esercolak\/\"]}]}<\/script>\n<!-- \/ Yoast SEO plugin. -->","yoast_head_json":{"title":"F.A.Q - Do\u00e7. Dr. Eser \u00c7olak - Kad\u0131n Hastal\u0131klar\u0131 ve T\u00fcp Bebek Uzman\u0131","robots":{"index":"index","follow":"follow","max-snippet":"max-snippet:-1","max-image-preview":"max-image-preview:large","max-video-preview":"max-video-preview:-1"},"canonical":"https:\/\/dresercolak.com\/en\/f-a-q\/","og_locale":"en_US","og_type":"article","og_title":"F.A.Q - Do\u00e7. Dr. Eser \u00c7olak - Kad\u0131n Hastal\u0131klar\u0131 ve T\u00fcp Bebek Uzman\u0131","og_description":"[vc_row type=&#8221;full_width_background&#8221; full_screen_row_position=&#8221;middle&#8221; column_margin=&#8221;default&#8221; column_direction=&#8221;default&#8221; column_direction_tablet=&#8221;default&#8221; column_direction_phone=&#8221;default&#8221; scene_position=&#8221;center&#8221; top_padding=&#8221;1%&#8221; left_padding_desktop=&#8221;4%&#8221; constrain_group_2=&#8221;yes&#8221; right_padding_desktop=&#8221;4%&#8221; top_padding_tablet=&#8221;16%&#8221; text_color=&#8221;dark&#8221; text_align=&#8221;left&#8221; row_border_radius=&#8221;none&#8221; row_border_radius_applies=&#8221;bg&#8221; overflow=&#8221;visible&#8221; overlay_strength=&#8221;0.3&#8243; gradient_direction=&#8221;left_to_right&#8221; shape_divider_position=&#8221;bottom&#8221; bg_image_animation=&#8221;none&#8221; gradient_type=&#8221;default&#8221; shape_type=&#8221;&#8221;][vc_column column_padding=&#8221;no-extra-padding&#8221; column_padding_tablet=&#8221;inherit&#8221; column_padding_phone=&#8221;inherit&#8221; column_padding_position=&#8221;all&#8221; column_element_direction_desktop=&#8221;default&#8221; column_element_spacing=&#8221;default&#8221;...","og_url":"https:\/\/dresercolak.com\/en\/f-a-q\/","og_site_name":"Do\u00e7. Dr. Eser \u00c7olak - Kad\u0131n Hastal\u0131klar\u0131 ve T\u00fcp Bebek Uzman\u0131","article_publisher":"https:\/\/www.facebook.com\/profile.php?id=61565354330631","twitter_card":"summary_large_image","twitter_misc":{"Est. reading time":"5 minutes"},"schema":{"@context":"https:\/\/schema.org","@graph":[{"@type":"WebPage","@id":"https:\/\/dresercolak.com\/en\/f-a-q\/","url":"https:\/\/dresercolak.com\/en\/f-a-q\/","name":"F.A.Q - Do\u00e7. Dr. Eser \u00c7olak - Kad\u0131n Hastal\u0131klar\u0131 ve T\u00fcp Bebek Uzman\u0131","isPartOf":{"@id":"https:\/\/dresercolak.com\/#website"},"datePublished":"2024-10-13T01:09:44+00:00","dateModified":"2024-10-13T01:09:44+00:00","breadcrumb":{"@id":"https:\/\/dresercolak.com\/en\/f-a-q\/#breadcrumb"},"inLanguage":"en-US","potentialAction":[{"@type":"ReadAction","target":["https:\/\/dresercolak.com\/en\/f-a-q\/"]}]},{"@type":"BreadcrumbList","@id":"https:\/\/dresercolak.com\/en\/f-a-q\/#breadcrumb","itemListElement":[{"@type":"ListItem","position":1,"name":"Anasayfa","item":"https:\/\/dresercolak.com\/en\/"},{"@type":"ListItem","position":2,"name":"F.A.Q"}]},{"@type":"WebSite","@id":"https:\/\/dresercolak.com\/#website","url":"https:\/\/dresercolak.com\/","name":"Do\u00e7. Dr. Eser \u00c7olak - Kad\u0131n Hastal\u0131klar\u0131 ve T\u00fcp Bebek Uzman\u0131","description":"Do\u00e7. Dr. Eser \u00c7olak - Kad\u0131n Hastal\u0131klar\u0131 ve T\u00fcp Bebek Uzman\u0131","publisher":{"@id":"https:\/\/dresercolak.com\/#organization"},"potentialAction":[{"@type":"SearchAction","target":{"@type":"EntryPoint","urlTemplate":"https:\/\/dresercolak.com\/?s={search_term_string}"},"query-input":{"@type":"PropertyValueSpecification","valueRequired":true,"valueName":"search_term_string"}}],"inLanguage":"en-US"},{"@type":"Organization","@id":"https:\/\/dresercolak.com\/#organization","name":"Do\u00e7. Dr. Eser \u00c7olak - Kad\u0131n Hastal\u0131klar\u0131 ve T\u00fcp Bebek Uzman\u0131","url":"https:\/\/dresercolak.com\/","logo":{"@type":"ImageObject","inLanguage":"en-US","@id":"https:\/\/dresercolak.com\/#\/schema\/logo\/image\/","url":"https:\/\/dresercolak.com\/wp-content\/uploads\/2024\/09\/Doc.-Dr.-Eser-COLAK-Logo.png","contentUrl":"https:\/\/dresercolak.com\/wp-content\/uploads\/2024\/09\/Doc.-Dr.-Eser-COLAK-Logo.png","width":2828,"height":642,"caption":"Do\u00e7. Dr. Eser \u00c7olak - Kad\u0131n Hastal\u0131klar\u0131 ve T\u00fcp Bebek Uzman\u0131"},"image":{"@id":"https:\/\/dresercolak.com\/#\/schema\/logo\/image\/"},"sameAs":["https:\/\/www.facebook.com\/profile.php?id=61565354330631","https:\/\/www.instagram.com\/doc.dr.esercolak\/"]}]}},"_links":{"self":[{"href":"https:\/\/dresercolak.com\/en\/wp-json\/wp\/v2\/pages\/562"}],"collection":[{"href":"https:\/\/dresercolak.com\/en\/wp-json\/wp\/v2\/pages"}],"about":[{"href":"https:\/\/dresercolak.com\/en\/wp-json\/wp\/v2\/types\/page"}],"author":[{"embeddable":true,"href":"https:\/\/dresercolak.com\/en\/wp-json\/wp\/v2\/users\/1"}],"replies":[{"embeddable":true,"href":"https:\/\/dresercolak.com\/en\/wp-json\/wp\/v2\/comments?post=562"}],"version-history":[{"count":1,"href":"https:\/\/dresercolak.com\/en\/wp-json\/wp\/v2\/pages\/562\/revisions"}],"predecessor-version":[{"id":563,"href":"https:\/\/dresercolak.com\/en\/wp-json\/wp\/v2\/pages\/562\/revisions\/563"}],"wp:attachment":[{"href":"https:\/\/dresercolak.com\/en\/wp-json\/wp\/v2\/media?parent=562"}],"curies":[{"name":"wp","href":"https:\/\/api.w.org\/{rel}","templated":true}]}}